{"id":10659,"date":"2026-02-18T19:38:57","date_gmt":"2026-02-18T19:38:57","guid":{"rendered":"https:\/\/neueSeite.ballarina.de\/?post_type=product&#038;p=10659"},"modified":"2026-02-18T19:52:00","modified_gmt":"2026-02-18T19:52:00","slug":"short-tights-pink-made-in-germany","status":"publish","type":"product","link":"https:\/\/neueSeite.ballarina.de\/?product=short-tights-pink-made-in-germany","title":{"rendered":"Short Tights pink | MADE IN GERMANY"},"content":{"rendered":"<ul>\n<li style=\"padding-left: 30px;\">Der extra feinporige Stoff h\u00e4lt euch st\u00f6rende Sandk\u00f6rner vom Leib!<\/li>\n<li style=\"padding-left: 30px;\">Ideal f\u00fcr Sponsoren-Aufdrucke: Keine N\u00e4hte am Po!<\/li>\n<li style=\"padding-left: 30px;\">Perfekte Passform: Sitzt durch den speziell f\u00fcr Beacherinnen ausgekl\u00fcgelten Schnitt auch beim Baggern, Hechten und Schmettern!<\/li>\n<li style=\"padding-left: 30px;\">Der atmungsaktive High-Tech-Stoff bef\u00f6rdert Wasser und Schwei\u00df schleunigst nach au\u00dfen. Damit ihr warm bleibt und immer bereit seid f\u00fcr die perfekte Performance!<\/li>\n<li style=\"padding-left: 30px;\">H\u00e4lt die Meere sauber! Der Stoff der Tights besteht aus <strong>recyceltem Polyamid<\/strong>! Aus Fischernetz wird Bikini!<\/li>\n<li style=\"padding-left: 30px;\">Die kurze Tights von ballarina ist MADE IN GERMANY. Wir stehen f\u00fcr eine faire und nachhaltige Produktion!<\/li>\n<\/ul>\n<p>&nbsp;<\/p>\n","protected":false},"excerpt":{"rendered":"<p style=\"text-align: center;\"><strong><span style=\"font-size: x-large;\">Die ballarina &#8222;Short Tights 2.0&#8220;<br \/>\n<\/span><\/strong><\/p>\n<p style=\"text-align: center;\"><strong><span style=\"font-size: x-large;\"><span style=\"font-size: large;\">Die speziell f\u00fcr Beachvolleyballerinnen entwickelte kurze Tights! Der perfekte Schnitt, der perfekte Stoff, keine N\u00e4hte am Po!<\/span><\/span><\/strong><\/p>\n<p style=\"text-align: center;\"><strong><span style=\"font-size: x-large;\"><span style=\"font-size: large;\"> <img loading=\"lazy\" decoding=\"async\" class=\"alignnone wp-image-10425\" src=\"https:\/\/www.ballarina.de\/wp-content\/uploads\/2020\/07\/bro_mig.jpg\" alt=\"\" width=\"392\" height=\"382\" \/><\/span><\/span><\/strong><\/p>\n<p><strong><span style=\"font-size: large;\">Material: 78% recyceltes Polyamid, 22% Elasthan<\/span><\/strong><\/p>\n<p>Du willst Deinen Sponsor auf deiner Tights pr\u00e4sentieren oder hast einen besonderen Druck-Wunsch? <a title=\"personalisieren\" href=\"https:\/\/www.ballarina.de\/my-ballarina\/\" target=\"_blank\" rel=\"noopener noreferrer\">Hier<\/a>\u00a0helfen wir Dir gerne!<\/p>\n","protected":false},"featured_media":10758,"comment_status":"open","ping_status":"closed","template":"","meta":[],"product_brand":[],"product_cat":[76,85,113],"product_tag":[],"class_list":{"0":"post-10659","1":"product","2":"type-product","3":"status-publish","4":"has-post-thumbnail","6":"product_cat-beachvolleyball","7":"product_cat-performance-made-in-germany-beachvolleyball","8":"product_cat-short-tights","9":"product_shipping_class-standard","11":"first","12":"instock","13":"shipping-taxable","14":"purchasable","15":"product-type-variable","16":"has-default-attributes"},"_links":{"self":[{"href":"https:\/\/neueSeite.ballarina.de\/index.php?rest_route=\/wp\/v2\/product\/10659","targetHints":{"allow":["GET"]}}],"collection":[{"href":"https:\/\/neueSeite.ballarina.de\/index.php?rest_route=\/wp\/v2\/product"}],"about":[{"href":"https:\/\/neueSeite.ballarina.de\/index.php?rest_route=\/wp\/v2\/types\/product"}],"replies":[{"embeddable":true,"href":"https:\/\/neueSeite.ballarina.de\/index.php?rest_route=%2Fwp%2Fv2%2Fcomments&post=10659"}],"wp:featuredmedia":[{"embeddable":true,"href":"https:\/\/neueSeite.ballarina.de\/index.php?rest_route=\/wp\/v2\/media\/10758"}],"wp:attachment":[{"href":"https:\/\/neueSeite.ballarina.de\/index.php?rest_route=%2Fwp%2Fv2%2Fmedia&parent=10659"}],"wp:term":[{"taxonomy":"product_brand","embeddable":true,"href":"https:\/\/neueSeite.ballarina.de\/index.php?rest_route=%2Fwp%2Fv2%2Fproduct_brand&post=10659"},{"taxonomy":"product_cat","embeddable":true,"href":"https:\/\/neueSeite.ballarina.de\/index.php?rest_route=%2Fwp%2Fv2%2Fproduct_cat&post=10659"},{"taxonomy":"product_tag","embeddable":true,"href":"https:\/\/neueSeite.ballarina.de\/index.php?rest_route=%2Fwp%2Fv2%2Fproduct_tag&post=10659"}],"curies":[{"name":"wp","href":"https:\/\/api.w.org\/{rel}","templated":true}]}}