{"id":10929,"date":"2026-02-18T19:52:03","date_gmt":"2026-02-18T19:52:03","guid":{"rendered":"https:\/\/neueSeite.ballarina.de\/?post_type=product&#038;p=10929"},"modified":"2026-02-18T20:09:14","modified_gmt":"2026-02-18T20:09:14","slug":"beachvolleyball-bikini-hose-classic-brazilian-cut-schwarz-made-in-germany","status":"publish","type":"product","link":"https:\/\/neueSeite.ballarina.de\/?product=beachvolleyball-bikini-hose-classic-brazilian-cut-schwarz-made-in-germany","title":{"rendered":"Beachvolleyball Bikini-Hose &#8222;Classic&#8220; brazilian cut schwarz | MADE IN GERMANY"},"content":{"rendered":"<p>Sexy! Die Sandpants &#8222;Brazilian Cut&#8220; zaubert das Flair der Copacabana auf den Court! F\u00fcr alle ballarinas, die es gerne etwas knapper m\u00f6gen!<\/p>\n<ul>\n<li style=\"padding-left: 30px\">Rutscht nicht, sitzt! Damit Du dich trotz des knappen Schnitts bei jeder noch so akrobatischen Flug- und Hechteinlage sicher f\u00fchlst!<\/li>\n<li style=\"padding-left: 30px\">Nervt nicht, trocknet schnell! Der atmungsaktive High-Tech-Stoff bef\u00f6rdert Wasser und Schwei\u00df schleunigst nach au\u00dfen. Damit du immer bereit f\u00fcr die perfekte Performance bist!<\/li>\n<li style=\"padding-left: 30px\">Schr\u00e4nkt dich nicht ein! Du willst deine Sponsoren pr\u00e4sentieren, deinen Namen anbringen oder einfach kreativ sein? Auch die Brazilian Cut Bikinihose hat keine \u00fcberfl\u00fcssigen, st\u00f6renden N\u00e4hte. Tob dich aus! Gerne erstellen wir dir auch ein Angebot f\u00fcr deine individuellen Druckw\u00fcnsche!<\/li>\n<li style=\"padding-left: 30px\">Belastet nicht! Die ballarina Beachvolleyball Bikini-Hose ist MADE IN GERMANY. Wir stehen f\u00fcr eine faire und nachhaltige Produktion!<\/li>\n<\/ul>\n","protected":false},"excerpt":{"rendered":"<p class=\"lead\" style=\"text-align: center\"><strong>Hier ist Sie!<\/strong><\/p>\n<p><strong>Die <em>etwas knappere<\/em>, speziell f\u00fcr Beachvolley-ballarinas entwickelte Bikini-Hose!\u00a0<\/strong><\/p>\n<p class=\"lead\" style=\"text-align: center\"><strong>Die \u201eBrazilian Cut\u201c Sandpants!<\/strong><\/p>\n<p><img loading=\"lazy\" decoding=\"async\" class=\"aligncenter wp-image-2083\" src=\"https:\/\/www.ballarina.de\/wp-content\/uploads\/2015\/07\/Fotolia_78930767_Subscription_Monthly_M-708x478.jpg\" alt=\"ballarina Beachvolleyball | Made in Germany\" width=\"281\" height=\"190\" \/><br \/>\n<strong><br \/>\nMaterial: 70% Polyamid, 30% Elastan<\/strong><\/p>\n<p>Du willst Deinen Sponsor auf deiner Sandpant pr\u00e4sentieren oder hast einen besonderen Druck-Wunsch?\u00a0<a title=\"personalisieren\" href=\"https:\/\/www.ballarina.de\/my-ballarina\/\" target=\"_blank\" rel=\"noopener noreferrer\">Hier<\/a>\u00a0helfen wir Dir gerne!<\/p>\n","protected":false},"featured_media":10969,"comment_status":"open","ping_status":"closed","template":"","meta":[],"product_brand":[],"product_cat":[98,76,87,86,118,85],"product_tag":[],"class_list":{"0":"post-10929","1":"product","2":"type-product","3":"status-publish","4":"has-post-thumbnail","6":"product_cat-alle-produkte","7":"product_cat-beachvolleyball","8":"product_cat-bikini-unterteile","9":"product_cat-bikinis","10":"product_cat-brazilian","11":"product_cat-performance-made-in-germany-beachvolleyball","13":"first","14":"instock","15":"shipping-taxable","16":"purchasable","17":"product-type-variable"},"_links":{"self":[{"href":"https:\/\/neueSeite.ballarina.de\/index.php?rest_route=\/wp\/v2\/product\/10929","targetHints":{"allow":["GET"]}}],"collection":[{"href":"https:\/\/neueSeite.ballarina.de\/index.php?rest_route=\/wp\/v2\/product"}],"about":[{"href":"https:\/\/neueSeite.ballarina.de\/index.php?rest_route=\/wp\/v2\/types\/product"}],"replies":[{"embeddable":true,"href":"https:\/\/neueSeite.ballarina.de\/index.php?rest_route=%2Fwp%2Fv2%2Fcomments&post=10929"}],"wp:featuredmedia":[{"embeddable":true,"href":"https:\/\/neueSeite.ballarina.de\/index.php?rest_route=\/wp\/v2\/media\/10969"}],"wp:attachment":[{"href":"https:\/\/neueSeite.ballarina.de\/index.php?rest_route=%2Fwp%2Fv2%2Fmedia&parent=10929"}],"wp:term":[{"taxonomy":"product_brand","embeddable":true,"href":"https:\/\/neueSeite.ballarina.de\/index.php?rest_route=%2Fwp%2Fv2%2Fproduct_brand&post=10929"},{"taxonomy":"product_cat","embeddable":true,"href":"https:\/\/neueSeite.ballarina.de\/index.php?rest_route=%2Fwp%2Fv2%2Fproduct_cat&post=10929"},{"taxonomy":"product_tag","embeddable":true,"href":"https:\/\/neueSeite.ballarina.de\/index.php?rest_route=%2Fwp%2Fv2%2Fproduct_tag&post=10929"}],"curies":[{"name":"wp","href":"https:\/\/api.w.org\/{rel}","templated":true}]}}